{"id":362,"date":"2023-11-20T15:08:42","date_gmt":"2023-11-20T14:08:42","guid":{"rendered":"https:\/\/carpegen.de\/mentions-legales\/"},"modified":"2025-06-16T11:47:42","modified_gmt":"2025-06-16T09:47:42","slug":"mentions-legales","status":"publish","type":"page","link":"https:\/\/carpegen.de\/fr\/mentions-legales\/","title":{"rendered":"Mentions l\u00e9gales"},"content":{"rendered":"<p>[et_pb_section fb_built=\u00a0\u00bb1&Prime; _builder_version=\u00a0\u00bb4.20.2&Prime; _module_preset=\u00a0\u00bbdefault\u00a0\u00bb global_colors_info=\u00a0\u00bb{}\u00a0\u00bb][et_pb_row _builder_version=\u00a0\u00bb4.20.2&Prime; _module_preset=\u00a0\u00bbdefault\u00a0\u00bb global_colors_info=\u00a0\u00bb{}\u00a0\u00bb][et_pb_column type=\u00a0\u00bb4_4&Prime; _builder_version=\u00a0\u00bb4.20.2&Prime; _module_preset=\u00a0\u00bbdefault\u00a0\u00bb global_colors_info=\u00a0\u00bb{}\u00a0\u00bb][et_pb_text _builder_version=\u00a0\u00bb4.20.2&Prime; _module_preset=\u00a0\u00bbdefault\u00a0\u00bb text_font=\u00a0\u00bbMontserrat||||||||\u00a0\u00bb text_text_color=\u00a0\u00bb#000000&Prime; header_font=\u00a0\u00bbMontserrat|600|||||||\u00a0\u00bb header_text_color=\u00a0\u00bb#0F2866&Prime; global_colors_info=\u00a0\u00bb{}\u00a0\u00bb]<\/p>\n<h1>Mentions l\u00e9gales<\/h1>\n<p>Arztlabor &#8211; Laborarztpraxis Katharina Krieg<br \/>CARPEGEN<br \/>Hospitalstr. 2<br \/>48607 Ochtrup<br \/>Germany<\/p>\n<p>T\u00e9l\u00e9phone : +49 (0)2553-9389 1296<br \/>Fax : +49 (0)2553-9389 200<\/p>\n<p><a href=\"mailto:info@carpegen.de\"><\/a><a href=\"mailto:info@carpegen.de\">info@carpegen.de<\/a><\/p>\n<p>Responsable de la s\u00e9curit\u00e9 des dispositifs m\u00e9dicaux conform\u00e9ment \u00e0 l&rsquo;art.<br \/>\u00a76 MPBetreibV : <br \/><a href=\"mailto:qm@arztlabor.com\"><\/a><a href=\"mailto:qm@arztlabor.com\">qm@arztlabor.com<\/a><\/p>\n<p><strong>D\u00e9signation professionnelle<\/strong><br \/>Les collaborateurs qui fournissent des prestations de sant\u00e9 sous la responsabilit\u00e9 du laboratoire m\u00e9dical portent le titre de m\u00e9decin, conf\u00e9r\u00e9 par la R\u00e9publique f\u00e9d\u00e9rale d&rsquo;Allemagne.<\/p>\n<p><strong>Autorit\u00e9 de contr\u00f4le comp\u00e9tente<\/strong><br \/>Minist\u00e8re du travail, de la sant\u00e9 et des affaires sociales du Land de Rh\u00e9nanie du Nord-Westphalie<br \/>F\u00fcrstenwall 25<br \/>40219 D\u00fcsseldorf<br \/>www.mags.nrw.de<\/p>\n<p><strong>Chambre m\u00e9dicale comp\u00e9tente<\/strong><br \/>Chambre m\u00e9dicale de Westphalie-Lippe<br \/>Gartenstra\u00dfe 210-214<br \/>48147 M\u00fcnster<br \/>www.aekwl.de<\/p>\n<p><strong>Association de m\u00e9decins conventionn\u00e9s comp\u00e9tente<\/strong><br \/><strong>Kassen\u00e4rztliche Vereinigung Westfalen-Lippe (KVWL)<\/strong><br \/>Robert-Schimrigk-Str.<br \/>4-6<br \/>44141 Dortmund<br \/>www.kvwl.de<\/p>\n<p><strong>R\u00e9glementation professionnelle<\/strong><br \/>Bundes\u00e4rzteordnung<br \/>Berufsordnung der Landes\u00e4rztekammer Westfalen-Lippe<br \/>Loi sur les professions m\u00e9dicales NRW<br \/>Textes de loi actuels sur www.aekwl.de<\/p>\n<p><strong>Responsable du contenu selon \u00a75 TMG et \u00a755 Abs.<br \/>2 RStV <\/strong><br \/>Katharina Krieg<\/p>\n<p><strong>Administration fiscale comp\u00e9tente<\/strong><br \/>Finanzamt Steinfurt<br \/>District d&rsquo;imposition 013<br \/>Num\u00e9ro fiscal 311\/5113\/3705<\/p>\n<p><strong>Copyright\/ droits d&rsquo;auteur<\/strong><br \/>Les photos, images, graphiques et textes figurant sur ce site Internet sont soumis aux droits d&rsquo;auteur et \u00e0 la protection de la propri\u00e9t\u00e9 intellectuelle.<br \/>La copie, la transmission ainsi que toute forme de publication de ces contenus sont interdites sans autorisation \u00e9crite de notre part.<\/p>\n<p><strong>Responsabilit\u00e9 des sites externes<\/strong><br \/>Nous n&rsquo;assumons aucune responsabilit\u00e9 pour le contenu des sites externes auxquels nous renvoyons \u00e9ventuellement dans le cadre de ce site Internet (lien).<br \/>Seuls les exploitants respectifs en sont responsables.<\/p>\n<p><strong>R\u00e8glement des litiges<\/strong><br \/>Nous ne sommes pas dispos\u00e9s ou oblig\u00e9s de participer \u00e0 des proc\u00e9dures de r\u00e8glement des litiges devant un organisme de conciliation des consommateurs.<\/p>\n<p><strong>T\u00e9l\u00e9chargement<\/strong><br \/>Le t\u00e9l\u00e9chargement de programmes et de fichiers se fait \u00e0 vos risques et p\u00e9rils.<br \/>Le laboratoire m\u00e9dical n&rsquo;est pas responsable des dommages r\u00e9sultant de l&rsquo;installation ou de l&rsquo;utilisation des logiciels et des fichiers de la zone de t\u00e9l\u00e9chargement, dans la mesure o\u00f9 la loi ou la licence l&rsquo;autorise.<br \/>Malgr\u00e9 un contr\u00f4le antivirus actualis\u00e9, nous d\u00e9clinons toute responsabilit\u00e9 pour les dommages et pr\u00e9judices caus\u00e9s par des virus informatiques dans le cadre des dispositions l\u00e9gales.<\/p>\n<p><strong>Garantie<\/strong><br \/>Les informations contenues dans les pages Internet du laboratoire m\u00e9dical sont \u00e9labor\u00e9es avec le plus grand soin.<br \/>Toutefois, le laboratoire m\u00e9dical ne garantit pas leur exhaustivit\u00e9, leur actualit\u00e9, leur qualit\u00e9 ou leur ad\u00e9quation \u00e0 un usage particulier.<br \/>L&rsquo;utilisation des pages Internet et des contenus mis \u00e0 disposition sur les pages Internet se fait aux seuls risques de l&rsquo;utilisateur.<\/p>\n<p><strong>Droits de marque<\/strong><br \/>L&rsquo;utilisation et l&rsquo;exploitation de toutes les marques et de tous les logos sont interdites aux tiers.<\/p>\n<p>[\/et_pb_text][\/et_pb_column][\/et_pb_row][\/et_pb_section][et_pb_section fb_built=\u00a0\u00bb1&Prime; admin_label=\u00a0\u00bbFooter\u00a0\u00bb _builder_version=\u00a0\u00bb4.27.0&Prime; background_color=\u00a0\u00bb#0F2866&Prime; custom_margin=\u00a0\u00bb-1px|||||\u00a0\u00bb custom_padding=\u00a0\u00bb40px||40px||true|false\u00a0\u00bb top_divider_height=\u00a0\u00bb660px\u00a0\u00bb top_divider_flip=\u00a0\u00bbhorizontal\u00a0\u00bb bottom_divider_color=\u00a0\u00bbrgba(255,255,255,0.08)\u00a0\u00bb bottom_divider_height=\u00a0\u00bb600px\u00a0\u00bb bottom_divider_flip=\u00a0\u00bbvertical|horizontal\u00a0\u00bb global_module=\u00a0\u00bb108&Prime; saved_tabs=\u00a0\u00bball\u00a0\u00bb global_colors_info=\u00a0\u00bb{}\u00a0\u00bb][et_pb_row column_structure=\u00a0\u00bb1_3,1_3,1_3&Prime; admin_label=\u00a0\u00bbZone de contenus\u00a0\u00bb _builder_version=\u00a0\u00bb4.20.2&Prime; global_colors_info=\u00a0\u00bb{}\u00a0\u00bb][et_pb_column type=\u00a0\u00bb1_3&Prime; _builder_version=\u00a0\u00bb4.16&Prime; custom_padding=\u00a0\u00bb|||\u00a0\u00bb global_colors_info=\u00a0\u00bb{}\u00a0\u00bb custom_padding__hover=\u00a0\u00bb|||\u00a0\u00bb][et_pb_text _builder_version=\u00a0\u00bb4.27.0&Prime; _module_preset=\u00a0\u00bbdefault\u00a0\u00bb text_font=\u00a0\u00bbMontserrat||||||||\u00a0\u00bb text_text_color=\u00a0\u00bb#FFFFFF\u00a0\u00bb text_font_size=\u00a0\u00bb16px\u00a0\u00bb link_text_color=\u00a0\u00bb#FFFFFF\u00a0\u00bb header_2_font=\u00a0\u00bbMontserrat|700|||||||\u00a0\u00bb header_2_text_color=\u00a0\u00bb#FFFFFF\u00a0\u00bb global_colors_info=\u00a0\u00bb{}\u00a0\u00bb]<\/p>\n<h2>Contact<\/h2>\n<p>Laboratoire m\u00e9dical<br \/>Cabinet m\u00e9dical de laboratoire Katharina Krieg<\/p>\n<p>[\/et_pb_text][et_pb_social_media_follow _builder_version=\u00a0\u00bb4.20.2&Prime; _module_preset=\u00a0\u00bbdefault\u00a0\u00bb text_orientation=\u00a0\u00bbleft\u00a0\u00bb global_colors_info=\u00a0\u00bb{}\u00a0\u00bb][et_pb_social_media_follow_network social_network=\u00a0\u00bbfacebook\u00a0\u00bb url=\u00a0\u00bbhttps:\/\/www.facebook.com\/CarpegenGmbH\/\u00a0\u00bb icon_color=\u00a0\u00bb#0F2866&Prime; use_icon_font_size=\u00a0\u00bbon\u00a0\u00bb icon_font_size=\u00a0\u00bb18px\u00a0\u00bb _builder_version=\u00a0\u00bb4.20.2&Prime; _module_preset=\u00a0\u00bbdefault\u00a0\u00bb background_color=\u00a0\u00bb#FFFFFF\u00a0\u00bb background_enable_color=\u00a0\u00bbon\u00a0\u00bb border_radii=\u00a0\u00bbon|25px|25px|25px|25px\u00a0\u00bb global_colors_info=\u00a0\u00bb{}\u00a0\u00bb follow_button=\u00a0\u00bboff\u00a0\u00bb url_new_window=\u00a0\u00bbon\u00a0\u00bb]facebook[\/et_pb_social_media_follow_network][et_pb_social_media_follow_network social_network=\u00a0\u00bbinstagram\u00a0\u00bb url=\u00a0\u00bbhttps:\/\/www.instagram.com\/carpegen\/?igshid=MzRlODBiNWFlZA%3D%3D\u00a0\u00bb icon_color=\u00a0\u00bb#0F2866&Prime; use_icon_font_size=\u00a0\u00bbon\u00a0\u00bb icon_font_size=\u00a0\u00bb18px\u00a0\u00bb _builder_version=\u00a0\u00bb4.20.2&Prime; _module_preset=\u00a0\u00bbdefault\u00a0\u00bb background_color=\u00a0\u00bb#FFFFFF\u00a0\u00bb background_enable_color=\u00a0\u00bbon\u00a0\u00bb border_radii=\u00a0\u00bbon|25px|25px|25px|25px\u00a0\u00bb global_colors_info=\u00a0\u00bb{}\u00a0\u00bb follow_button=\u00a0\u00bboff\u00a0\u00bb url_new_window=\u00a0\u00bbon\u00a0\u00bb]instagram[\/et_pb_social_media_follow_network][\/et_pb_social_media_follow][\/et_pb_column][et_pb_column type=\u00a0\u00bb1_3&Prime; _builder_version=\u00a0\u00bb4.16&Prime; custom_padding=\u00a0\u00bb|||\u00a0\u00bb global_colors_info=\u00a0\u00bb{}\u00a0\u00bb custom_padding__hover=\u00a0\u00bb|||\u00a0\u00bb][et_pb_text _builder_version=\u00a0\u00bb4.27.0&Prime; _module_preset=\u00a0\u00bbdefault\u00a0\u00bb text_font=\u00a0\u00bbMontserrat||||||||\u00a0\u00bb text_text_color=\u00a0\u00bb#FFFFFF\u00a0\u00bb text_font_size=\u00a0\u00bb16px\u00a0\u00bb link_text_color=\u00a0\u00bb#FFFFFF\u00a0\u00bb header_2_font=\u00a0\u00bbMontserrat|700|||||||\u00a0\u00bb header_2_text_color=\u00a0\u00bb#FFFFFF\u00a0\u00bb global_colors_info=\u00a0\u00bb{}\u00a0\u00bb]<\/p>\n<p><strong>Carpegen<\/strong><\/p>\n<p>Hospitalstr. 2, 48607 Ochtrup <\/p>\n<p>T\u00e9l\u00e9phone : +49 2553-9389 1296<\/p>\n<p>T\u00e9l\u00e9copieur : <span>+49 2553-9389 200<\/span><\/p>\n<p><span>Courrier \u00e9lectronique : <a href=\"mailto:info@carpegen.de\">info@carpegen.de<\/a><\/span><\/p>\n<p>[\/et_pb_text][\/et_pb_column][et_pb_column type=\u00a0\u00bb1_3&Prime; _builder_version=\u00a0\u00bb4.16&Prime; custom_padding=\u00a0\u00bb|||\u00a0\u00bb global_colors_info=\u00a0\u00bb{}\u00a0\u00bb custom_padding__hover=\u00a0\u00bb|||\u00a0\u00bb][et_pb_text _builder_version=\u00a0\u00bb4.27.0&Prime; _module_preset=\u00a0\u00bbdefault\u00a0\u00bb text_font=\u00a0\u00bbMontserrat||||||||\u00a0\u00bb text_text_color=\u00a0\u00bb#FFFFFF\u00a0\u00bb text_font_size=\u00a0\u00bb16px\u00a0\u00bb link_font=\u00a0\u00bbMontserrat||||||||\u00a0\u00bb link_text_color=\u00a0\u00bb#FFFFFF\u00a0\u00bb global_colors_info=\u00a0\u00bb{}\u00a0\u00bb]<\/p>\n<p><a href=\"https:\/\/carpegen.de\/impressum\/\">Mentions l\u00e9gales<\/a><\/p>\n<p><a href=\"https:\/\/carpegen.de\/fr\/protection-des-donnees\/\">Protection des donn\u00e9es<\/a><\/p>\n<p>[\/et_pb_text][\/et_pb_column][\/et_pb_row][\/et_pb_section]<\/p>\n","protected":false},"excerpt":{"rendered":"<p>Mentions l\u00e9gales Arztlabor &#8211; Laborarztpraxis Katharina KriegCARPEGENHospitalstr. 248607 OchtrupGermany T\u00e9l\u00e9phone : +49 (0)2553-9389 1296Fax : +49 (0)2553-9389 200 info@carpegen.de Responsable de la s\u00e9curit\u00e9 des dispositifs m\u00e9dicaux conform\u00e9ment \u00e0 l&rsquo;art.\u00a76 MPBetreibV : qm@arztlabor.com D\u00e9signation professionnelleLes collaborateurs qui fournissent des prestations de sant\u00e9 sous la responsabilit\u00e9 du laboratoire m\u00e9dical portent le titre de m\u00e9decin, conf\u00e9r\u00e9 par la [&hellip;]<\/p>\n","protected":false},"author":2,"featured_media":0,"parent":0,"menu_order":0,"comment_status":"closed","ping_status":"closed","template":"","meta":{"_et_pb_use_builder":"on","_et_pb_old_content":"","_et_gb_content_width":"","inline_featured_image":false,"footnotes":""},"class_list":["post-362","page","type-page","status-publish","hentry"],"yoast_head":"<!-- This site is optimized with the Yoast SEO plugin v27.4 - https:\/\/yoast.com\/product\/yoast-seo-wordpress\/ -->\n<title>Mentions l\u00e9gales | carpegen.de<\/title>\n<meta name=\"robots\" content=\"index, follow, max-snippet:-1, max-image-preview:large, max-video-preview:-1\" \/>\n<link rel=\"canonical\" href=\"https:\/\/carpegen.de\/fr\/mentions-legales\/\" \/>\n<meta property=\"og:locale\" content=\"fr_FR\" \/>\n<meta property=\"og:type\" content=\"article\" \/>\n<meta property=\"og:title\" content=\"Mentions l\u00e9gales | carpegen.de\" \/>\n<meta property=\"og:description\" content=\"Mentions l\u00e9gales Arztlabor - Laborarztpraxis Katharina KriegCARPEGENHospitalstr. 248607 OchtrupGermany T\u00e9l\u00e9phone : +49 (0)2553-9389 1296Fax : +49 (0)2553-9389 200 info@carpegen.de Responsable de la s\u00e9curit\u00e9 des dispositifs m\u00e9dicaux conform\u00e9ment \u00e0 l&#039;art.\u00a76 MPBetreibV : qm@arztlabor.com D\u00e9signation professionnelleLes collaborateurs qui fournissent des prestations de sant\u00e9 sous la responsabilit\u00e9 du laboratoire m\u00e9dical portent le titre de m\u00e9decin, conf\u00e9r\u00e9 par la [&hellip;]\" \/>\n<meta property=\"og:url\" content=\"https:\/\/carpegen.de\/fr\/mentions-legales\/\" \/>\n<meta property=\"og:site_name\" content=\"carpegen.de\" \/>\n<meta property=\"article:publisher\" content=\"https:\/\/www.facebook.com\/CarpegenGmbH\/\" \/>\n<meta property=\"article:modified_time\" content=\"2025-06-16T09:47:42+00:00\" \/>\n<meta name=\"twitter:card\" content=\"summary_large_image\" \/>\n<meta name=\"twitter:label1\" content=\"Dur\u00e9e de lecture estim\u00e9e\" \/>\n\t<meta name=\"twitter:data1\" content=\"5 minutes\" \/>\n<script type=\"application\/ld+json\" class=\"yoast-schema-graph\">{\"@context\":\"https:\\\/\\\/schema.org\",\"@graph\":[{\"@type\":\"WebPage\",\"@id\":\"https:\\\/\\\/carpegen.de\\\/fr\\\/mentions-legales\\\/\",\"url\":\"https:\\\/\\\/carpegen.de\\\/fr\\\/mentions-legales\\\/\",\"name\":\"Mentions l\u00e9gales | carpegen.de\",\"isPartOf\":{\"@id\":\"https:\\\/\\\/carpegen.de\\\/fr\\\/#website\"},\"datePublished\":\"2023-11-20T14:08:42+00:00\",\"dateModified\":\"2025-06-16T09:47:42+00:00\",\"breadcrumb\":{\"@id\":\"https:\\\/\\\/carpegen.de\\\/fr\\\/mentions-legales\\\/#breadcrumb\"},\"inLanguage\":\"fr-FR\",\"potentialAction\":[{\"@type\":\"ReadAction\",\"target\":[\"https:\\\/\\\/carpegen.de\\\/fr\\\/mentions-legales\\\/\"]}]},{\"@type\":\"BreadcrumbList\",\"@id\":\"https:\\\/\\\/carpegen.de\\\/fr\\\/mentions-legales\\\/#breadcrumb\",\"itemListElement\":[{\"@type\":\"ListItem\",\"position\":1,\"name\":\"Startseite\",\"item\":\"https:\\\/\\\/carpegen.de\\\/fr\\\/accueil\\\/\"},{\"@type\":\"ListItem\",\"position\":2,\"name\":\"Mentions l\u00e9gales\"}]},{\"@type\":\"WebSite\",\"@id\":\"https:\\\/\\\/carpegen.de\\\/fr\\\/#website\",\"url\":\"https:\\\/\\\/carpegen.de\\\/fr\\\/\",\"name\":\"Carpegen\",\"description\":\"Individual Diagnostic Solutions\",\"publisher\":{\"@id\":\"https:\\\/\\\/carpegen.de\\\/fr\\\/#organization\"},\"potentialAction\":[{\"@type\":\"SearchAction\",\"target\":{\"@type\":\"EntryPoint\",\"urlTemplate\":\"https:\\\/\\\/carpegen.de\\\/fr\\\/?s={search_term_string}\"},\"query-input\":{\"@type\":\"PropertyValueSpecification\",\"valueRequired\":true,\"valueName\":\"search_term_string\"}}],\"inLanguage\":\"fr-FR\"},{\"@type\":\"Organization\",\"@id\":\"https:\\\/\\\/carpegen.de\\\/fr\\\/#organization\",\"name\":\"Carpegen\",\"url\":\"https:\\\/\\\/carpegen.de\\\/fr\\\/\",\"logo\":{\"@type\":\"ImageObject\",\"inLanguage\":\"fr-FR\",\"@id\":\"https:\\\/\\\/carpegen.de\\\/fr\\\/#\\\/schema\\\/logo\\\/image\\\/\",\"url\":\"https:\\\/\\\/carpegen.de\\\/wp-content\\\/uploads\\\/2024\\\/02\\\/cropped-Carpegen-logo-favicon.png\",\"contentUrl\":\"https:\\\/\\\/carpegen.de\\\/wp-content\\\/uploads\\\/2024\\\/02\\\/cropped-Carpegen-logo-favicon.png\",\"width\":512,\"height\":512,\"caption\":\"Carpegen\"},\"image\":{\"@id\":\"https:\\\/\\\/carpegen.de\\\/fr\\\/#\\\/schema\\\/logo\\\/image\\\/\"},\"sameAs\":[\"https:\\\/\\\/www.facebook.com\\\/CarpegenGmbH\\\/\",\"https:\\\/\\\/www.instagram.com\\\/carpegen\\\/\"]}]}<\/script>\n<!-- \/ Yoast SEO plugin. -->","yoast_head_json":{"title":"Mentions l\u00e9gales | carpegen.de","robots":{"index":"index","follow":"follow","max-snippet":"max-snippet:-1","max-image-preview":"max-image-preview:large","max-video-preview":"max-video-preview:-1"},"canonical":"https:\/\/carpegen.de\/fr\/mentions-legales\/","og_locale":"fr_FR","og_type":"article","og_title":"Mentions l\u00e9gales | carpegen.de","og_description":"Mentions l\u00e9gales Arztlabor - Laborarztpraxis Katharina KriegCARPEGENHospitalstr. 248607 OchtrupGermany T\u00e9l\u00e9phone : +49 (0)2553-9389 1296Fax : +49 (0)2553-9389 200 info@carpegen.de Responsable de la s\u00e9curit\u00e9 des dispositifs m\u00e9dicaux conform\u00e9ment \u00e0 l'art.\u00a76 MPBetreibV : qm@arztlabor.com D\u00e9signation professionnelleLes collaborateurs qui fournissent des prestations de sant\u00e9 sous la responsabilit\u00e9 du laboratoire m\u00e9dical portent le titre de m\u00e9decin, conf\u00e9r\u00e9 par la [&hellip;]","og_url":"https:\/\/carpegen.de\/fr\/mentions-legales\/","og_site_name":"carpegen.de","article_publisher":"https:\/\/www.facebook.com\/CarpegenGmbH\/","article_modified_time":"2025-06-16T09:47:42+00:00","twitter_card":"summary_large_image","twitter_misc":{"Dur\u00e9e de lecture estim\u00e9e":"5 minutes"},"schema":{"@context":"https:\/\/schema.org","@graph":[{"@type":"WebPage","@id":"https:\/\/carpegen.de\/fr\/mentions-legales\/","url":"https:\/\/carpegen.de\/fr\/mentions-legales\/","name":"Mentions l\u00e9gales | carpegen.de","isPartOf":{"@id":"https:\/\/carpegen.de\/fr\/#website"},"datePublished":"2023-11-20T14:08:42+00:00","dateModified":"2025-06-16T09:47:42+00:00","breadcrumb":{"@id":"https:\/\/carpegen.de\/fr\/mentions-legales\/#breadcrumb"},"inLanguage":"fr-FR","potentialAction":[{"@type":"ReadAction","target":["https:\/\/carpegen.de\/fr\/mentions-legales\/"]}]},{"@type":"BreadcrumbList","@id":"https:\/\/carpegen.de\/fr\/mentions-legales\/#breadcrumb","itemListElement":[{"@type":"ListItem","position":1,"name":"Startseite","item":"https:\/\/carpegen.de\/fr\/accueil\/"},{"@type":"ListItem","position":2,"name":"Mentions l\u00e9gales"}]},{"@type":"WebSite","@id":"https:\/\/carpegen.de\/fr\/#website","url":"https:\/\/carpegen.de\/fr\/","name":"Carpegen","description":"Individual Diagnostic Solutions","publisher":{"@id":"https:\/\/carpegen.de\/fr\/#organization"},"potentialAction":[{"@type":"SearchAction","target":{"@type":"EntryPoint","urlTemplate":"https:\/\/carpegen.de\/fr\/?s={search_term_string}"},"query-input":{"@type":"PropertyValueSpecification","valueRequired":true,"valueName":"search_term_string"}}],"inLanguage":"fr-FR"},{"@type":"Organization","@id":"https:\/\/carpegen.de\/fr\/#organization","name":"Carpegen","url":"https:\/\/carpegen.de\/fr\/","logo":{"@type":"ImageObject","inLanguage":"fr-FR","@id":"https:\/\/carpegen.de\/fr\/#\/schema\/logo\/image\/","url":"https:\/\/carpegen.de\/wp-content\/uploads\/2024\/02\/cropped-Carpegen-logo-favicon.png","contentUrl":"https:\/\/carpegen.de\/wp-content\/uploads\/2024\/02\/cropped-Carpegen-logo-favicon.png","width":512,"height":512,"caption":"Carpegen"},"image":{"@id":"https:\/\/carpegen.de\/fr\/#\/schema\/logo\/image\/"},"sameAs":["https:\/\/www.facebook.com\/CarpegenGmbH\/","https:\/\/www.instagram.com\/carpegen\/"]}]}},"_links":{"self":[{"href":"https:\/\/carpegen.de\/fr\/wp-json\/wp\/v2\/pages\/362","targetHints":{"allow":["GET"]}}],"collection":[{"href":"https:\/\/carpegen.de\/fr\/wp-json\/wp\/v2\/pages"}],"about":[{"href":"https:\/\/carpegen.de\/fr\/wp-json\/wp\/v2\/types\/page"}],"author":[{"embeddable":true,"href":"https:\/\/carpegen.de\/fr\/wp-json\/wp\/v2\/users\/2"}],"replies":[{"embeddable":true,"href":"https:\/\/carpegen.de\/fr\/wp-json\/wp\/v2\/comments?post=362"}],"version-history":[{"count":2,"href":"https:\/\/carpegen.de\/fr\/wp-json\/wp\/v2\/pages\/362\/revisions"}],"predecessor-version":[{"id":486,"href":"https:\/\/carpegen.de\/fr\/wp-json\/wp\/v2\/pages\/362\/revisions\/486"}],"wp:attachment":[{"href":"https:\/\/carpegen.de\/fr\/wp-json\/wp\/v2\/media?parent=362"}],"curies":[{"name":"wp","href":"https:\/\/api.w.org\/{rel}","templated":true}]}}